{"id":477,"date":"2025-10-16T15:21:27","date_gmt":"2025-10-16T19:21:27","guid":{"rendered":"http:\/\/modelacion.fcyt.umss.edu.bo\/?page_id=477"},"modified":"2025-12-16T12:32:17","modified_gmt":"2025-12-16T16:32:17","slug":"precipitacion-2","status":"publish","type":"page","link":"http:\/\/modelacion.fcyt.umss.edu.bo\/index.php\/precipitacion-2\/","title":{"rendered":"Precipitaci\u00f3n"},"content":{"rendered":"\n<div class=\"wp-block-columns is-layout-flex wp-container-core-columns-is-layout-1 wp-block-columns-is-layout-flex\">\n<div class=\"wp-block-column is-layout-flow wp-block-column-is-layout-flow\" style=\"flex-basis:10%\"><\/div>\n\n\n\n<div class=\"wp-block-column is-layout-flow wp-block-column-is-layout-flow\" style=\"flex-basis:80%\">\n<p>Proyecci\u00f3n cada seis horas : De Precipitaci\u00f3n &#8211; (mm). Modelo SILAM, resoluci\u00f3n 13 km.<\/p>\n\n\n\n<figure class=\"wp-block-image size-full\"><img loading=\"lazy\" decoding=\"async\" width=\"2122\" height=\"2118\" src=\"http:\/\/modelacion.fcyt.umss.edu.bo\/wp-content\/uploads\/2025\/10\/Precipitacion_GFS_6h-2.gif\" alt=\"\" class=\"wp-image-441\"\/><\/figure>\n\n\n\n<iframe loading=\"lazy\" \n    src=\"http:\/\/modelacion.fcyt.umss.edu.bo\/Operativo\/SeisHoras\/SeisHorasPrecipitaci\u00f3n.php\" \n    width=\"100%\" \n    height=\"2400\" \n    style=\"border:none;\">\n<\/iframe>\n<\/div>\n\n\n\n<div class=\"wp-block-column is-layout-flow wp-block-column-is-layout-flow\" style=\"flex-basis:10%\"><\/div>\n<\/div>\n","protected":false},"excerpt":{"rendered":"<p>Proyecci\u00f3n cada seis horas : De Precipitaci\u00f3n &#8211; (mm). Modelo SILAM, resoluci\u00f3n 13 km.<\/p>\n","protected":false},"author":1,"featured_media":0,"parent":0,"menu_order":0,"comment_status":"closed","ping_status":"closed","template":"","meta":{"footnotes":""},"class_list":["post-477","page","type-page","status-publish","hentry"],"_links":{"self":[{"href":"http:\/\/modelacion.fcyt.umss.edu.bo\/index.php\/wp-json\/wp\/v2\/pages\/477","targetHints":{"allow":["GET"]}}],"collection":[{"href":"http:\/\/modelacion.fcyt.umss.edu.bo\/index.php\/wp-json\/wp\/v2\/pages"}],"about":[{"href":"http:\/\/modelacion.fcyt.umss.edu.bo\/index.php\/wp-json\/wp\/v2\/types\/page"}],"author":[{"embeddable":true,"href":"http:\/\/modelacion.fcyt.umss.edu.bo\/index.php\/wp-json\/wp\/v2\/users\/1"}],"replies":[{"embeddable":true,"href":"http:\/\/modelacion.fcyt.umss.edu.bo\/index.php\/wp-json\/wp\/v2\/comments?post=477"}],"version-history":[{"count":3,"href":"http:\/\/modelacion.fcyt.umss.edu.bo\/index.php\/wp-json\/wp\/v2\/pages\/477\/revisions"}],"predecessor-version":[{"id":626,"href":"http:\/\/modelacion.fcyt.umss.edu.bo\/index.php\/wp-json\/wp\/v2\/pages\/477\/revisions\/626"}],"wp:attachment":[{"href":"http:\/\/modelacion.fcyt.umss.edu.bo\/index.php\/wp-json\/wp\/v2\/media?parent=477"}],"curies":[{"name":"wp","href":"https:\/\/api.w.org\/{rel}","templated":true}]}}