{"id":469,"date":"2025-10-16T15:14:03","date_gmt":"2025-10-16T19:14:03","guid":{"rendered":"http:\/\/modelacion.fcyt.umss.edu.bo\/?page_id=469"},"modified":"2025-12-16T12:38:23","modified_gmt":"2025-12-16T16:38:23","slug":"pm25","status":"publish","type":"page","link":"http:\/\/modelacion.fcyt.umss.edu.bo\/index.php\/pm25\/","title":{"rendered":"PM25"},"content":{"rendered":"\n<div class=\"wp-block-columns is-layout-flex wp-container-core-columns-is-layout-1 wp-block-columns-is-layout-flex\">\n<div class=\"wp-block-column is-layout-flow wp-block-column-is-layout-flow\" style=\"flex-basis:10%\"><\/div>\n\n\n\n<div class=\"wp-block-column is-layout-flow wp-block-column-is-layout-flow\" style=\"flex-basis:80%\">\n<p>Proyecci\u00f3n a Horaria de : Contaminaci\u00f3n de PM25 &#8211; part\u00edculas por mill\u00f3n por volumen (ppbv). Modelo SILAM, resoluci\u00f3n 16 km.<\/p>\n\n\n\n<figure class=\"wp-block-image size-full\"><img loading=\"lazy\" decoding=\"async\" width=\"2158\" height=\"2118\" src=\"http:\/\/modelacion.fcyt.umss.edu.bo\/wp-content\/uploads\/2025\/10\/cnc_PM2_5_2025-09-07_00_00_UTC.png\" alt=\"\" class=\"wp-image-437\" srcset=\"http:\/\/modelacion.fcyt.umss.edu.bo\/wp-content\/uploads\/2025\/10\/cnc_PM2_5_2025-09-07_00_00_UTC.png 2158w, http:\/\/modelacion.fcyt.umss.edu.bo\/wp-content\/uploads\/2025\/10\/cnc_PM2_5_2025-09-07_00_00_UTC-1000x981.png 1000w, http:\/\/modelacion.fcyt.umss.edu.bo\/wp-content\/uploads\/2025\/10\/cnc_PM2_5_2025-09-07_00_00_UTC-768x754.png 768w, http:\/\/modelacion.fcyt.umss.edu.bo\/wp-content\/uploads\/2025\/10\/cnc_PM2_5_2025-09-07_00_00_UTC-1536x1508.png 1536w, http:\/\/modelacion.fcyt.umss.edu.bo\/wp-content\/uploads\/2025\/10\/cnc_PM2_5_2025-09-07_00_00_UTC-2048x2010.png 2048w\" sizes=\"auto, (max-width: 2158px) 100vw, 2158px\" \/><\/figure>\n\n\n\n<iframe loading=\"lazy\" \n    src=\"http:\/\/modelacion.fcyt.umss.edu.bo\/Operativo\/Horario\/PM25.php\" \n    width=\"100%\" \n    height=\"2400\" \n    style=\"border:none;\">\n<\/iframe>\n<\/div>\n\n\n\n<div class=\"wp-block-column is-layout-flow wp-block-column-is-layout-flow\" style=\"flex-basis:10%\"><\/div>\n<\/div>\n","protected":false},"excerpt":{"rendered":"<p>Proyecci\u00f3n a Horaria de : Contaminaci\u00f3n de PM25 &#8211; part\u00edculas por mill\u00f3n por volumen (ppbv). Modelo SILAM, resoluci\u00f3n 16 km.<\/p>\n","protected":false},"author":1,"featured_media":0,"parent":0,"menu_order":0,"comment_status":"closed","ping_status":"closed","template":"","meta":{"footnotes":""},"class_list":["post-469","page","type-page","status-publish","hentry"],"_links":{"self":[{"href":"http:\/\/modelacion.fcyt.umss.edu.bo\/index.php\/wp-json\/wp\/v2\/pages\/469","targetHints":{"allow":["GET"]}}],"collection":[{"href":"http:\/\/modelacion.fcyt.umss.edu.bo\/index.php\/wp-json\/wp\/v2\/pages"}],"about":[{"href":"http:\/\/modelacion.fcyt.umss.edu.bo\/index.php\/wp-json\/wp\/v2\/types\/page"}],"author":[{"embeddable":true,"href":"http:\/\/modelacion.fcyt.umss.edu.bo\/index.php\/wp-json\/wp\/v2\/users\/1"}],"replies":[{"embeddable":true,"href":"http:\/\/modelacion.fcyt.umss.edu.bo\/index.php\/wp-json\/wp\/v2\/comments?post=469"}],"version-history":[{"count":2,"href":"http:\/\/modelacion.fcyt.umss.edu.bo\/index.php\/wp-json\/wp\/v2\/pages\/469\/revisions"}],"predecessor-version":[{"id":632,"href":"http:\/\/modelacion.fcyt.umss.edu.bo\/index.php\/wp-json\/wp\/v2\/pages\/469\/revisions\/632"}],"wp:attachment":[{"href":"http:\/\/modelacion.fcyt.umss.edu.bo\/index.php\/wp-json\/wp\/v2\/media?parent=469"}],"curies":[{"name":"wp","href":"https:\/\/api.w.org\/{rel}","templated":true}]}}