{"id":466,"date":"2025-10-16T15:11:48","date_gmt":"2025-10-16T19:11:48","guid":{"rendered":"http:\/\/modelacion.fcyt.umss.edu.bo\/?page_id=466"},"modified":"2025-12-16T12:38:41","modified_gmt":"2025-12-16T16:38:41","slug":"so2","status":"publish","type":"page","link":"http:\/\/modelacion.fcyt.umss.edu.bo\/index.php\/so2\/","title":{"rendered":"SO2"},"content":{"rendered":"\n<div class=\"wp-block-columns is-layout-flex wp-container-core-columns-is-layout-1 wp-block-columns-is-layout-flex\">\n<div class=\"wp-block-column is-layout-flow wp-block-column-is-layout-flow\" style=\"flex-basis:10%\"><\/div>\n\n\n\n<div class=\"wp-block-column is-layout-flow wp-block-column-is-layout-flow\" style=\"flex-basis:80%\">\n<p>Proyecci\u00f3n a Horaria de : Contaminaci\u00f3n de CO &#8211; part\u00edculas por mill\u00f3n por volumen (ppbv). Modelo SILAM, resoluci\u00f3n 16 km.<\/p>\n\n\n\n<figure class=\"wp-block-image size-full\"><img loading=\"lazy\" decoding=\"async\" width=\"2145\" height=\"2118\" src=\"http:\/\/modelacion.fcyt.umss.edu.bo\/wp-content\/uploads\/2025\/10\/cnc_SO2_gas_2025-09-07_00_00_UTC.png\" alt=\"\" class=\"wp-image-436\" srcset=\"http:\/\/modelacion.fcyt.umss.edu.bo\/wp-content\/uploads\/2025\/10\/cnc_SO2_gas_2025-09-07_00_00_UTC.png 2145w, http:\/\/modelacion.fcyt.umss.edu.bo\/wp-content\/uploads\/2025\/10\/cnc_SO2_gas_2025-09-07_00_00_UTC-1000x987.png 1000w, http:\/\/modelacion.fcyt.umss.edu.bo\/wp-content\/uploads\/2025\/10\/cnc_SO2_gas_2025-09-07_00_00_UTC-768x758.png 768w, http:\/\/modelacion.fcyt.umss.edu.bo\/wp-content\/uploads\/2025\/10\/cnc_SO2_gas_2025-09-07_00_00_UTC-1536x1517.png 1536w, http:\/\/modelacion.fcyt.umss.edu.bo\/wp-content\/uploads\/2025\/10\/cnc_SO2_gas_2025-09-07_00_00_UTC-2048x2022.png 2048w\" sizes=\"auto, (max-width: 2145px) 100vw, 2145px\" \/><\/figure>\n\n\n\n<iframe loading=\"lazy\" \n    src=\"http:\/\/modelacion.fcyt.umss.edu.bo\/Operativo\/Horario\/SO2.php\" \n    width=\"100%\" \n    height=\"2400\" \n    style=\"border:none;\">\n<\/iframe>\n<\/div>\n\n\n\n<div class=\"wp-block-column is-layout-flow wp-block-column-is-layout-flow\" style=\"flex-basis:10%\"><\/div>\n<\/div>\n\n\n\n<p><\/p>\n","protected":false},"excerpt":{"rendered":"<p>Proyecci\u00f3n a Horaria de : Contaminaci\u00f3n de CO &#8211; part\u00edculas por mill\u00f3n por volumen (ppbv). Modelo SILAM, resoluci\u00f3n 16 km.<\/p>\n","protected":false},"author":1,"featured_media":0,"parent":0,"menu_order":0,"comment_status":"closed","ping_status":"closed","template":"","meta":{"footnotes":""},"class_list":["post-466","page","type-page","status-publish","hentry"],"_links":{"self":[{"href":"http:\/\/modelacion.fcyt.umss.edu.bo\/index.php\/wp-json\/wp\/v2\/pages\/466","targetHints":{"allow":["GET"]}}],"collection":[{"href":"http:\/\/modelacion.fcyt.umss.edu.bo\/index.php\/wp-json\/wp\/v2\/pages"}],"about":[{"href":"http:\/\/modelacion.fcyt.umss.edu.bo\/index.php\/wp-json\/wp\/v2\/types\/page"}],"author":[{"embeddable":true,"href":"http:\/\/modelacion.fcyt.umss.edu.bo\/index.php\/wp-json\/wp\/v2\/users\/1"}],"replies":[{"embeddable":true,"href":"http:\/\/modelacion.fcyt.umss.edu.bo\/index.php\/wp-json\/wp\/v2\/comments?post=466"}],"version-history":[{"count":2,"href":"http:\/\/modelacion.fcyt.umss.edu.bo\/index.php\/wp-json\/wp\/v2\/pages\/466\/revisions"}],"predecessor-version":[{"id":633,"href":"http:\/\/modelacion.fcyt.umss.edu.bo\/index.php\/wp-json\/wp\/v2\/pages\/466\/revisions\/633"}],"wp:attachment":[{"href":"http:\/\/modelacion.fcyt.umss.edu.bo\/index.php\/wp-json\/wp\/v2\/media?parent=466"}],"curies":[{"name":"wp","href":"https:\/\/api.w.org\/{rel}","templated":true}]}}