{"id":38,"date":"2025-03-07T19:37:00","date_gmt":"2025-03-07T19:37:00","guid":{"rendered":"http:\/\/modelacion1.fcyt.umss.edu.bo\/?page_id=38"},"modified":"2025-11-25T16:15:11","modified_gmt":"2025-11-25T20:15:11","slug":"contacto","status":"publish","type":"page","link":"http:\/\/modelacion.fcyt.umss.edu.bo\/index.php\/contacto\/","title":{"rendered":"Contacto"},"content":{"rendered":"\n<div class=\"wp-block-columns is-layout-flex wp-container-core-columns-is-layout-1 wp-block-columns-is-layout-flex\">\n<div class=\"wp-block-column is-layout-flow wp-block-column-is-layout-flow\" style=\"flex-basis:15%\"><\/div>\n\n\n\n<div class=\"wp-block-column is-layout-flow wp-block-column-is-layout-flow\" style=\"padding-right:var(--wp--preset--spacing--20);padding-left:var(--wp--preset--spacing--20);flex-basis:70%\">\n<p class=\"has-x-large-font-size\"><strong>INVESTIGADORES<\/strong><\/p>\n\n\n\n<div class=\"wp-block-media-text\"><figure class=\"wp-block-media-text__media\"><img loading=\"lazy\" decoding=\"async\" width=\"500\" height=\"500\" src=\"http:\/\/modelacion.fcyt.umss.edu.bo\/wp-content\/uploads\/2025\/11\/20251111_095444-1-500x500.jpg\" alt=\"\" class=\"wp-image-527 size-thumbnail\"\/><\/figure><div class=\"wp-block-media-text__content\">\n<p><strong>M.Sc. Marko Andrade Uzieda<br>Investigador Principal<\/strong><br>Coordinador \u00c1rea de Modelaci\u00f3n Num\u00e9rica de Clima<br>Responsable General de Centro<br>m.andrade@umss.edu<\/p>\n<\/div><\/div>\n\n\n\n<div class=\"wp-block-media-text\"><figure class=\"wp-block-media-text__media\"><img loading=\"lazy\" decoding=\"async\" width=\"500\" height=\"500\" src=\"http:\/\/modelacion.fcyt.umss.edu.bo\/wp-content\/uploads\/2025\/11\/lic.-Rocio-500x500.jpg\" alt=\"\" class=\"wp-image-550 size-thumbnail\"\/><\/figure><div class=\"wp-block-media-text__content\">\n<p><strong>M.Sc. Rocio Guzman Saavedra<br>Investigador Principal<\/strong><br>Coordinador \u00c1rea de F\u00edsica Ambiental y Contaminaci\u00f3n Atmosf\u00e9rica<br>rocioguzman.s@fcyt.umss.edu.bo<br><\/p>\n<\/div><\/div>\n\n\n\n<div class=\"wp-block-media-text\"><figure class=\"wp-block-media-text__media\"><img loading=\"lazy\" decoding=\"async\" width=\"500\" height=\"500\" src=\"http:\/\/modelacion.fcyt.umss.edu.bo\/wp-content\/uploads\/2025\/11\/557681001_10161792056360986_1366476470215837882_n-500x500.jpg\" alt=\"\" class=\"wp-image-549 size-thumbnail\" srcset=\"http:\/\/modelacion.fcyt.umss.edu.bo\/wp-content\/uploads\/2025\/11\/557681001_10161792056360986_1366476470215837882_n-500x500.jpg 500w, http:\/\/modelacion.fcyt.umss.edu.bo\/wp-content\/uploads\/2025\/11\/557681001_10161792056360986_1366476470215837882_n-1000x1000.jpg 1000w, http:\/\/modelacion.fcyt.umss.edu.bo\/wp-content\/uploads\/2025\/11\/557681001_10161792056360986_1366476470215837882_n-768x768.jpg 768w, http:\/\/modelacion.fcyt.umss.edu.bo\/wp-content\/uploads\/2025\/11\/557681001_10161792056360986_1366476470215837882_n.jpg 1416w\" sizes=\"auto, (max-width: 500px) 100vw, 500px\" \/><\/figure><div class=\"wp-block-media-text__content\">\n<p><strong>M.Sc. Jaime Mor\u00f3n Fernandez<br>Investigador Adjunto<\/strong><br>\u00c1rea de Tecnolog\u00eda Nuclear aplicada a la F\u00edsica Ambiental y Contaminaci\u00f3n Atmosf\u00e9rica<br>j.moron@umss.edu<br><\/p>\n<\/div><\/div>\n\n\n\n<div class=\"wp-block-media-text\"><figure class=\"wp-block-media-text__media\"><img loading=\"lazy\" decoding=\"async\" width=\"500\" height=\"500\" src=\"http:\/\/modelacion.fcyt.umss.edu.bo\/wp-content\/uploads\/2025\/11\/NS_2025-500x500.jpg\" alt=\"\" class=\"wp-image-526 size-thumbnail\" srcset=\"http:\/\/modelacion.fcyt.umss.edu.bo\/wp-content\/uploads\/2025\/11\/NS_2025-500x500.jpg 500w, http:\/\/modelacion.fcyt.umss.edu.bo\/wp-content\/uploads\/2025\/11\/NS_2025-768x768.jpg 768w, http:\/\/modelacion.fcyt.umss.edu.bo\/wp-content\/uploads\/2025\/11\/NS_2025.jpg 800w\" sizes=\"auto, (max-width: 500px) 100vw, 500px\" \/><\/figure><div class=\"wp-block-media-text__content\">\n<p><strong>M.Sc. Niels Saavedra<br>Investigador Adjunto<\/strong><br>Modelaci\u00f3n de Incendios Forestales<br><\/p>\n<\/div><\/div>\n\n\n\n<div class=\"wp-block-media-text\"><figure class=\"wp-block-media-text__media\"><img loading=\"lazy\" decoding=\"async\" width=\"500\" height=\"500\" src=\"http:\/\/modelacion.fcyt.umss.edu.bo\/wp-content\/uploads\/2025\/11\/IMG-20251125-WA0009-500x500.jpg\" alt=\"\" class=\"wp-image-585 size-thumbnail\"\/><\/figure><div class=\"wp-block-media-text__content\">\n<p><strong>M.Sc. Jorge Nava Sejas<br>Investigador Adjunto<\/strong><br><\/p>\n<\/div><\/div>\n\n\n\n<p class=\"has-large-font-size\"><strong>AUXILIARES<\/strong><\/p>\n\n\n\n<div class=\"wp-block-media-text\"><figure class=\"wp-block-media-text__media\"><img loading=\"lazy\" decoding=\"async\" width=\"500\" height=\"500\" src=\"http:\/\/modelacion.fcyt.umss.edu.bo\/wp-content\/uploads\/2025\/10\/IMG-20251015-WA0004-500x500.jpg\" alt=\"\" class=\"wp-image-493 size-thumbnail\"\/><\/figure><div class=\"wp-block-media-text__content\">\n<p><strong>Josu\u00e9 Terceros Peredo<br>Auxiliar<\/strong><br>\u00c1rea de Modelaci\u00f3n Num\u00e9rica de Clima<br>202104049@est.umss.edu.bo<br><\/p>\n<\/div><\/div>\n\n\n\n<div class=\"wp-block-media-text\"><figure class=\"wp-block-media-text__media\"><img loading=\"lazy\" decoding=\"async\" width=\"500\" height=\"500\" src=\"http:\/\/modelacion.fcyt.umss.edu.bo\/wp-content\/uploads\/2025\/11\/IMG-20251124-WA0014-500x500.jpg\" alt=\"\" class=\"wp-image-565 size-thumbnail\"\/><\/figure><div class=\"wp-block-media-text__content\">\n<p><strong>Andr\u00e9s Jimenez Alcazar<br><strong>Auxiliar<\/strong><\/strong><br>\u00c1rea de Modelaci\u00f3n Num\u00e9rica de Clima<br><\/p>\n<\/div><\/div>\n\n\n\n<div class=\"wp-block-media-text\"><figure class=\"wp-block-media-text__media\"><img loading=\"lazy\" decoding=\"async\" width=\"500\" height=\"500\" src=\"http:\/\/modelacion.fcyt.umss.edu.bo\/wp-content\/uploads\/2025\/11\/IMG-20251124-WA0010-500x500.jpg\" alt=\"\" class=\"wp-image-559 size-thumbnail\"\/><\/figure><div class=\"wp-block-media-text__content\">\n<p><strong>Carlos Zabalaga Heredia<br><strong>Auxiliar<\/strong><\/strong><br>\u00c1rea de Modelaci\u00f3n Num\u00e9rica de Clima<br><\/p>\n<\/div><\/div>\n\n\n\n<div class=\"wp-block-media-text\"><figure class=\"wp-block-media-text__media\"><img loading=\"lazy\" decoding=\"async\" width=\"500\" height=\"500\" src=\"http:\/\/modelacion.fcyt.umss.edu.bo\/wp-content\/uploads\/2025\/11\/20250731_1501302-500x500.jpg\" alt=\"\" class=\"wp-image-558 size-thumbnail\"\/><\/figure><div class=\"wp-block-media-text__content\">\n<p><strong>Edgar Tejerina Ramos<br><strong>Responsable Redes y sitio web<\/strong><\/strong><br>Centro de Computo<br><\/p>\n<\/div><\/div>\n\n\n\n<div class=\"wp-block-media-text\"><figure class=\"wp-block-media-text__media\"><img loading=\"lazy\" decoding=\"async\" width=\"500\" height=\"500\" src=\"http:\/\/modelacion.fcyt.umss.edu.bo\/wp-content\/uploads\/2025\/11\/IMG-20251124-WA0013-500x500.jpg\" alt=\"\" class=\"wp-image-563 size-thumbnail\"\/><\/figure><div class=\"wp-block-media-text__content\">\n<p><strong>Ayrton Vargas<br><strong>Responsable Administrativo<\/strong><\/strong><br>Responsable Redes y sitio web<br><\/p>\n<\/div><\/div>\n<\/div>\n\n\n\n<div class=\"wp-block-column is-layout-flow wp-block-column-is-layout-flow\" style=\"flex-basis:15%\"><\/div>\n<\/div>\n\n\n\n<div class=\"wp-block-group is-content-justification-center is-nowrap is-layout-flex wp-container-core-group-is-layout-1 wp-block-group-is-layout-flex\">\n<div class=\"iframe-container\">\n    <iframe src=\"https:\/\/www.google.com\/maps\/embed?pb=!1m18!1m12!1m3!1d565.9715456982499!2d-66.14470135562276!3d-17.3931868395139!2m3!1f0!2f0!3f0!3m2!1i1024!2i768!4f13.1!3m3!1m2!1s0x93e373fef6d443d7%3A0xe79f1a7d13d5ee68!2sDepartamento%20de%20F%C3%ADsica%20UMSS!5e0!3m2!1ses!2sbo!4v1741375388013!5m2!1ses!2sbo\" \n            width=\"600\" height=\"450\" style=\"border:0;\" allowfullscreen=\"\" loading=\"lazy\" referrerpolicy=\"no-referrer-when-downgrade\"><\/iframe>\n<\/div>\n<\/div>\n\n\n\n<div class=\"wp-block-columns is-layout-flex wp-container-core-columns-is-layout-2 wp-block-columns-is-layout-flex\" style=\"margin-top:0;margin-bottom:0\">\n<div class=\"wp-block-column is-layout-flow wp-block-column-is-layout-flow\" style=\"padding-right:var(--wp--preset--spacing--50);padding-left:var(--wp--preset--spacing--50)\">\n<p class=\"has-text-align-center has-medium-font-size\"><strong>Ubicaci\u00f3n<\/strong><\/p>\n\n\n\n<p class=\"has-text-align-center\">Universidad Mayor de San Sim\u00f3n <\/p>\n\n\n\n<p class=\"has-text-align-center\">Departamento de F\u00edsica <\/p>\n\n\n\n<p class=\"has-text-align-center\">Calle Sucre y Parque Latorre <\/p>\n\n\n\n<p class=\"has-text-align-center\">Cochabamba, Bolivia<\/p>\n<\/div>\n\n\n\n<div class=\"wp-block-column is-layout-flow wp-block-column-is-layout-flow\" style=\"padding-right:var(--wp--preset--spacing--40);padding-left:var(--wp--preset--spacing--40)\">\n<p class=\"has-text-align-center has-medium-font-size\"><strong>Contacto<\/strong><\/p>\n\n\n\n<p class=\"has-text-align-center has-small-font-size\">Centro de Monitoreo Clim\u00e1tico<\/p>\n\n\n\n<p class=\"has-text-align-center has-small-font-size\">Tel\u00e9fono: +591 71462414<\/p>\n\n\n\n<p class=\"has-text-align-center has-small-font-size\">Correo electr\u00f3nico: m.andrade@umss.edu<\/p>\n\n\n\n<div style=\"height:53px\" aria-hidden=\"true\" class=\"wp-block-spacer\"><\/div>\n<\/div>\n<\/div>\n","protected":false},"excerpt":{"rendered":"<p>INVESTIGADORES M.Sc. Marko Andrade UziedaInvestigador PrincipalCoordinador \u00c1rea de Modelaci\u00f3n Num\u00e9rica de ClimaResponsable General de Centrom.andrade@umss.edu M.Sc. Rocio Guzman SaavedraInvestigador PrincipalCoordinador \u00c1rea de F\u00edsica Ambiental y Contaminaci\u00f3n Atmosf\u00e9ricarocioguzman.s@fcyt.umss.edu.bo M.Sc. Jaime Mor\u00f3n FernandezInvestigador Adjunto\u00c1rea de Tecnolog\u00eda Nuclear aplicada a la F\u00edsica Ambiental y Contaminaci\u00f3n Atmosf\u00e9ricaj.moron@umss.edu M.Sc. Niels SaavedraInvestigador AdjuntoModelaci\u00f3n de Incendios Forestales M.Sc. Jorge Nava SejasInvestigador Adjunto [&hellip;]<\/p>\n","protected":false},"author":1,"featured_media":15,"parent":0,"menu_order":0,"comment_status":"closed","ping_status":"closed","template":"","meta":{"footnotes":""},"class_list":["post-38","page","type-page","status-publish","has-post-thumbnail","hentry"],"_links":{"self":[{"href":"http:\/\/modelacion.fcyt.umss.edu.bo\/index.php\/wp-json\/wp\/v2\/pages\/38","targetHints":{"allow":["GET"]}}],"collection":[{"href":"http:\/\/modelacion.fcyt.umss.edu.bo\/index.php\/wp-json\/wp\/v2\/pages"}],"about":[{"href":"http:\/\/modelacion.fcyt.umss.edu.bo\/index.php\/wp-json\/wp\/v2\/types\/page"}],"author":[{"embeddable":true,"href":"http:\/\/modelacion.fcyt.umss.edu.bo\/index.php\/wp-json\/wp\/v2\/users\/1"}],"replies":[{"embeddable":true,"href":"http:\/\/modelacion.fcyt.umss.edu.bo\/index.php\/wp-json\/wp\/v2\/comments?post=38"}],"version-history":[{"count":33,"href":"http:\/\/modelacion.fcyt.umss.edu.bo\/index.php\/wp-json\/wp\/v2\/pages\/38\/revisions"}],"predecessor-version":[{"id":586,"href":"http:\/\/modelacion.fcyt.umss.edu.bo\/index.php\/wp-json\/wp\/v2\/pages\/38\/revisions\/586"}],"wp:featuredmedia":[{"embeddable":true,"href":"http:\/\/modelacion.fcyt.umss.edu.bo\/index.php\/wp-json\/wp\/v2\/media\/15"}],"wp:attachment":[{"href":"http:\/\/modelacion.fcyt.umss.edu.bo\/index.php\/wp-json\/wp\/v2\/media?parent=38"}],"curies":[{"name":"wp","href":"https:\/\/api.w.org\/{rel}","templated":true}]}}