{"id":362,"date":"2025-09-24T15:00:26","date_gmt":"2025-09-24T19:00:26","guid":{"rendered":"http:\/\/modelacion.fcyt.umss.edu.bo\/?page_id=362"},"modified":"2025-12-16T12:27:08","modified_gmt":"2025-12-16T16:27:08","slug":"viento","status":"publish","type":"page","link":"http:\/\/modelacion.fcyt.umss.edu.bo\/index.php\/viento\/","title":{"rendered":"Viento"},"content":{"rendered":"\n<div class=\"wp-block-columns is-layout-flex wp-container-core-columns-is-layout-1 wp-block-columns-is-layout-flex\">\n<div class=\"wp-block-column is-layout-flow wp-block-column-is-layout-flow\" style=\"flex-basis:10%\"><\/div>\n\n\n\n<div class=\"wp-block-column is-layout-flow wp-block-column-is-layout-flow\" style=\"flex-basis:80%\">\n<p>Proyecci\u00f3n a 14 d\u00edas: Velocidad de viento &#8211; R\u00e1fagas (km\/h) de las siguientes ubicaciones en Bolivia. Modelo GFS Flux, resoluci\u00f3n 13 km. <\/p>\n\n\n\n<figure class=\"wp-block-image size-full\"><img loading=\"lazy\" decoding=\"async\" width=\"3000\" height=\"1800\" src=\"http:\/\/modelacion.fcyt.umss.edu.bo\/wp-content\/uploads\/2025\/10\/Cochabamba-44.png\" alt=\"\" class=\"wp-image-418\" srcset=\"http:\/\/modelacion.fcyt.umss.edu.bo\/wp-content\/uploads\/2025\/10\/Cochabamba-44.png 3000w, http:\/\/modelacion.fcyt.umss.edu.bo\/wp-content\/uploads\/2025\/10\/Cochabamba-44-1000x600.png 1000w, http:\/\/modelacion.fcyt.umss.edu.bo\/wp-content\/uploads\/2025\/10\/Cochabamba-44-768x461.png 768w, http:\/\/modelacion.fcyt.umss.edu.bo\/wp-content\/uploads\/2025\/10\/Cochabamba-44-1536x922.png 1536w, http:\/\/modelacion.fcyt.umss.edu.bo\/wp-content\/uploads\/2025\/10\/Cochabamba-44-2048x1229.png 2048w\" sizes=\"auto, (max-width: 3000px) 100vw, 3000px\" \/><\/figure>\n\n\n\n<iframe loading=\"lazy\" \n    src=\"http:\/\/modelacion.fcyt.umss.edu.bo\/Operativo\/Viento.php\" \n    width=\"100%\" \n    height=\"2400\" \n    style=\"border:none;\">\n<\/iframe>\n<\/div>\n\n\n\n<div class=\"wp-block-column is-layout-flow wp-block-column-is-layout-flow\" style=\"flex-basis:10%\"><\/div>\n<\/div>\n","protected":false},"excerpt":{"rendered":"<p>Proyecci\u00f3n a 14 d\u00edas: Velocidad de viento &#8211; R\u00e1fagas (km\/h) de las siguientes ubicaciones en Bolivia. Modelo GFS Flux, resoluci\u00f3n 13 km.<\/p>\n","protected":false},"author":1,"featured_media":0,"parent":0,"menu_order":0,"comment_status":"closed","ping_status":"closed","template":"","meta":{"footnotes":""},"class_list":["post-362","page","type-page","status-publish","hentry"],"_links":{"self":[{"href":"http:\/\/modelacion.fcyt.umss.edu.bo\/index.php\/wp-json\/wp\/v2\/pages\/362","targetHints":{"allow":["GET"]}}],"collection":[{"href":"http:\/\/modelacion.fcyt.umss.edu.bo\/index.php\/wp-json\/wp\/v2\/pages"}],"about":[{"href":"http:\/\/modelacion.fcyt.umss.edu.bo\/index.php\/wp-json\/wp\/v2\/types\/page"}],"author":[{"embeddable":true,"href":"http:\/\/modelacion.fcyt.umss.edu.bo\/index.php\/wp-json\/wp\/v2\/users\/1"}],"replies":[{"embeddable":true,"href":"http:\/\/modelacion.fcyt.umss.edu.bo\/index.php\/wp-json\/wp\/v2\/comments?post=362"}],"version-history":[{"count":11,"href":"http:\/\/modelacion.fcyt.umss.edu.bo\/index.php\/wp-json\/wp\/v2\/pages\/362\/revisions"}],"predecessor-version":[{"id":625,"href":"http:\/\/modelacion.fcyt.umss.edu.bo\/index.php\/wp-json\/wp\/v2\/pages\/362\/revisions\/625"}],"wp:attachment":[{"href":"http:\/\/modelacion.fcyt.umss.edu.bo\/index.php\/wp-json\/wp\/v2\/media?parent=362"}],"curies":[{"name":"wp","href":"https:\/\/api.w.org\/{rel}","templated":true}]}}