{"id":340,"date":"2025-09-24T14:32:17","date_gmt":"2025-09-24T18:32:17","guid":{"rendered":"http:\/\/modelacion.fcyt.umss.edu.bo\/?page_id=340"},"modified":"2025-10-31T14:39:27","modified_gmt":"2025-10-31T18:39:27","slug":"productos-de-pronosticos","status":"publish","type":"page","link":"http:\/\/modelacion.fcyt.umss.edu.bo\/index.php\/productos-de-pronosticos\/","title":{"rendered":"PRODUCTOS DE PRON\u00d3STICOS"},"content":{"rendered":"\n<div class=\"wp-block-columns is-style-section-1 is-layout-flex wp-container-core-columns-is-layout-1 wp-block-columns-is-layout-flex is-style-section-1--1\" style=\"padding-top:var(--wp--preset--spacing--20);padding-right:var(--wp--preset--spacing--20);padding-bottom:var(--wp--preset--spacing--20);padding-left:var(--wp--preset--spacing--20)\">\n<div class=\"wp-block-column is-layout-flow wp-block-column-is-layout-flow\" style=\"flex-basis:10%\"><\/div>\n\n\n\n<div class=\"wp-block-column is-layout-flow wp-block-column-is-layout-flow\" style=\"flex-basis:80%\">\n<h2 class=\"wp-block-heading\">Proyecciones METEOROL\u00d3GICAS<\/h2>\n\n\n\n<p class=\"has-medium-font-size\">Proyecciones de Temperatura, Precipitaci\u00f3n y Velocidad de Viento para todo el pa\u00eds, tanto en series temporales como en mapas de distribuci\u00f3n espacial.<\/p>\n\n\n\n<div class=\"wp-block-media-text is-stacked-on-mobile\" style=\"grid-template-columns:69% auto\"><figure class=\"wp-block-media-text__media\"><a href=\"http:\/\/modelacion.fcyt.umss.edu.bo\/index.php\/temperatura\/\"><img loading=\"lazy\" decoding=\"async\" width=\"1024\" height=\"512\" src=\"http:\/\/modelacion.fcyt.umss.edu.bo\/wp-content\/uploads\/2025\/09\/Cochabamba2-1024x512.png\" alt=\"\" class=\"wp-image-344 size-full\" srcset=\"http:\/\/modelacion.fcyt.umss.edu.bo\/wp-content\/uploads\/2025\/09\/Cochabamba2-1024x512.png 1024w, http:\/\/modelacion.fcyt.umss.edu.bo\/wp-content\/uploads\/2025\/09\/Cochabamba2-300x150.png 300w, http:\/\/modelacion.fcyt.umss.edu.bo\/wp-content\/uploads\/2025\/09\/Cochabamba2-768x384.png 768w, http:\/\/modelacion.fcyt.umss.edu.bo\/wp-content\/uploads\/2025\/09\/Cochabamba2.png 1200w\" sizes=\"auto, (max-width: 1024px) 100vw, 1024px\" \/><\/a><\/figure><div class=\"wp-block-media-text__content\">\n<p class=\"has-text-align-left has-medium-font-size\">Proyecci\u00f3n de series temporales de Temperatura M\u00e1xima y M\u00ednima (\u00b0C) para 152 localidades de Bolivia &#8211; Modelo GFS &#8211; (13Km). <a href=\"http:\/\/modelacion.fcyt.umss.edu.bo\/index.php\/temperatura\/\" data-type=\"page\" data-id=\"354\">Ver m\u00e1s<\/a>.<\/p>\n<\/div><\/div>\n\n\n\n<div class=\"wp-block-media-text is-stacked-on-mobile\" style=\"grid-template-columns:70% auto\"><figure class=\"wp-block-media-text__media\"><a href=\"http:\/\/modelacion.fcyt.umss.edu.bo\/index.php\/precipitacion\/\"><img loading=\"lazy\" decoding=\"async\" width=\"1024\" height=\"614\" src=\"http:\/\/modelacion.fcyt.umss.edu.bo\/wp-content\/uploads\/2025\/09\/Cochabamba1-1024x614.png\" alt=\"\" class=\"wp-image-343 size-full\" srcset=\"http:\/\/modelacion.fcyt.umss.edu.bo\/wp-content\/uploads\/2025\/09\/Cochabamba1-1024x614.png 1024w, http:\/\/modelacion.fcyt.umss.edu.bo\/wp-content\/uploads\/2025\/09\/Cochabamba1-300x180.png 300w, http:\/\/modelacion.fcyt.umss.edu.bo\/wp-content\/uploads\/2025\/09\/Cochabamba1-768x461.png 768w, http:\/\/modelacion.fcyt.umss.edu.bo\/wp-content\/uploads\/2025\/09\/Cochabamba1-1536x922.png 1536w, http:\/\/modelacion.fcyt.umss.edu.bo\/wp-content\/uploads\/2025\/09\/Cochabamba1-2048x1229.png 2048w\" sizes=\"auto, (max-width: 1024px) 100vw, 1024px\" \/><\/a><\/figure><div class=\"wp-block-media-text__content\">\n<p class=\"has-text-align-left has-medium-font-size\"><br><br><br>Proyecci\u00f3n de series temporales de Precipitaci\u00f3n Acumulada Diaria (mm\/d\u00eda) para 152 localidades de Bolivia &#8211; Modelo GFS &#8211; (13Km). <a href=\"http:\/\/modelacion.fcyt.umss.edu.bo\/index.php\/precipitacion\/\" data-type=\"page\" data-id=\"360\">Ver m\u00e1s<\/a>.<\/p>\n<\/div><\/div>\n\n\n\n<div class=\"wp-block-media-text is-stacked-on-mobile\" style=\"grid-template-columns:70% auto\"><figure class=\"wp-block-media-text__media\"><a href=\"http:\/\/modelacion.fcyt.umss.edu.bo\/index.php\/viento\/\"><img loading=\"lazy\" decoding=\"async\" width=\"1024\" height=\"614\" src=\"http:\/\/modelacion.fcyt.umss.edu.bo\/wp-content\/uploads\/2025\/09\/Cochabamba-1024x614.png\" alt=\"\" class=\"wp-image-342 size-full\" srcset=\"http:\/\/modelacion.fcyt.umss.edu.bo\/wp-content\/uploads\/2025\/09\/Cochabamba-1024x614.png 1024w, http:\/\/modelacion.fcyt.umss.edu.bo\/wp-content\/uploads\/2025\/09\/Cochabamba-300x180.png 300w, http:\/\/modelacion.fcyt.umss.edu.bo\/wp-content\/uploads\/2025\/09\/Cochabamba-768x461.png 768w, http:\/\/modelacion.fcyt.umss.edu.bo\/wp-content\/uploads\/2025\/09\/Cochabamba-1536x922.png 1536w, http:\/\/modelacion.fcyt.umss.edu.bo\/wp-content\/uploads\/2025\/09\/Cochabamba-2048x1229.png 2048w\" sizes=\"auto, (max-width: 1024px) 100vw, 1024px\" \/><\/a><\/figure><div class=\"wp-block-media-text__content\">\n<p class=\"has-medium-font-size\">Proyecci\u00f3n de series temporales de Velocidad de Viento (r\u00e1fagas en km\/h) para 152 localidades de Bolivia &#8211; Modelo GFS &#8211; (13Km). <a href=\"http:\/\/modelacion.fcyt.umss.edu.bo\/index.php\/viento\/\" data-type=\"page\" data-id=\"362\">Ver m\u00e1s<\/a>.<\/p>\n<\/div><\/div>\n\n\n\n<div class=\"wp-block-media-text is-stacked-on-mobile\" style=\"grid-template-columns:70% auto\"><figure class=\"wp-block-media-text__media\"><a href=\"http:\/\/modelacion.fcyt.umss.edu.bo\/index.php\/co\/\"><img loading=\"lazy\" decoding=\"async\" width=\"2145\" height=\"2118\" src=\"http:\/\/modelacion.fcyt.umss.edu.bo\/wp-content\/uploads\/2025\/10\/vmr_CO_gas_2025-09-07_00_00_UTC.png\" alt=\"\" class=\"wp-image-434 size-full\" srcset=\"http:\/\/modelacion.fcyt.umss.edu.bo\/wp-content\/uploads\/2025\/10\/vmr_CO_gas_2025-09-07_00_00_UTC.png 2145w, http:\/\/modelacion.fcyt.umss.edu.bo\/wp-content\/uploads\/2025\/10\/vmr_CO_gas_2025-09-07_00_00_UTC-1000x987.png 1000w, http:\/\/modelacion.fcyt.umss.edu.bo\/wp-content\/uploads\/2025\/10\/vmr_CO_gas_2025-09-07_00_00_UTC-768x758.png 768w, http:\/\/modelacion.fcyt.umss.edu.bo\/wp-content\/uploads\/2025\/10\/vmr_CO_gas_2025-09-07_00_00_UTC-1536x1517.png 1536w, http:\/\/modelacion.fcyt.umss.edu.bo\/wp-content\/uploads\/2025\/10\/vmr_CO_gas_2025-09-07_00_00_UTC-2048x2022.png 2048w\" sizes=\"auto, (max-width: 2145px) 100vw, 2145px\" \/><\/a><\/figure><div class=\"wp-block-media-text__content\">\n<p class=\"has-medium-font-size\">Proyecci\u00f3n de Mapas de Contaminaci\u00f3n de Aire de CO (partes por mill\u00f3n de volumen) para 152 localidades de Bolivia &#8211; Modelo SILAM &#8211; (16Km). <a href=\"http:\/\/modelacion.fcyt.umss.edu.bo\/index.php\/co\/\" data-type=\"page\" data-id=\"453\">Ver m\u00e1s<\/a>.<\/p>\n<\/div><\/div>\n\n\n\n<div class=\"wp-block-media-text is-stacked-on-mobile\" style=\"grid-template-columns:70% auto\"><figure class=\"wp-block-media-text__media\"><a href=\"http:\/\/modelacion.fcyt.umss.edu.bo\/index.php\/no2\/\"><img loading=\"lazy\" decoding=\"async\" width=\"2158\" height=\"2118\" src=\"http:\/\/modelacion.fcyt.umss.edu.bo\/wp-content\/uploads\/2025\/10\/cnc_NO2_gas_2025-09-07_00_00_UTC.png\" alt=\"\" class=\"wp-image-435 size-full\" srcset=\"http:\/\/modelacion.fcyt.umss.edu.bo\/wp-content\/uploads\/2025\/10\/cnc_NO2_gas_2025-09-07_00_00_UTC.png 2158w, http:\/\/modelacion.fcyt.umss.edu.bo\/wp-content\/uploads\/2025\/10\/cnc_NO2_gas_2025-09-07_00_00_UTC-1000x981.png 1000w, http:\/\/modelacion.fcyt.umss.edu.bo\/wp-content\/uploads\/2025\/10\/cnc_NO2_gas_2025-09-07_00_00_UTC-768x754.png 768w, http:\/\/modelacion.fcyt.umss.edu.bo\/wp-content\/uploads\/2025\/10\/cnc_NO2_gas_2025-09-07_00_00_UTC-1536x1508.png 1536w, http:\/\/modelacion.fcyt.umss.edu.bo\/wp-content\/uploads\/2025\/10\/cnc_NO2_gas_2025-09-07_00_00_UTC-2048x2010.png 2048w\" sizes=\"auto, (max-width: 2158px) 100vw, 2158px\" \/><\/a><\/figure><div class=\"wp-block-media-text__content\">\n<p class=\"has-medium-font-size\">Proyecci\u00f3n de Mapas de Contaminaci\u00f3n de Aire de NO2 (partes por mill\u00f3n de volumen) para 152 localidades de Bolivia &#8211; Modelo SILAM &#8211; (16Km). <a href=\"http:\/\/modelacion.fcyt.umss.edu.bo\/index.php\/no2\/\" data-type=\"page\" data-id=\"464\">Ver m\u00e1s<\/a>.<\/p>\n<\/div><\/div>\n\n\n\n<div class=\"wp-block-media-text is-stacked-on-mobile\" style=\"grid-template-columns:70% auto\"><figure class=\"wp-block-media-text__media\"><a href=\"http:\/\/modelacion.fcyt.umss.edu.bo\/index.php\/so2\/\"><img loading=\"lazy\" decoding=\"async\" width=\"2145\" height=\"2118\" src=\"http:\/\/modelacion.fcyt.umss.edu.bo\/wp-content\/uploads\/2025\/10\/cnc_SO2_gas_2025-09-07_00_00_UTC.png\" alt=\"\" class=\"wp-image-436 size-full\" srcset=\"http:\/\/modelacion.fcyt.umss.edu.bo\/wp-content\/uploads\/2025\/10\/cnc_SO2_gas_2025-09-07_00_00_UTC.png 2145w, http:\/\/modelacion.fcyt.umss.edu.bo\/wp-content\/uploads\/2025\/10\/cnc_SO2_gas_2025-09-07_00_00_UTC-1000x987.png 1000w, http:\/\/modelacion.fcyt.umss.edu.bo\/wp-content\/uploads\/2025\/10\/cnc_SO2_gas_2025-09-07_00_00_UTC-768x758.png 768w, http:\/\/modelacion.fcyt.umss.edu.bo\/wp-content\/uploads\/2025\/10\/cnc_SO2_gas_2025-09-07_00_00_UTC-1536x1517.png 1536w, http:\/\/modelacion.fcyt.umss.edu.bo\/wp-content\/uploads\/2025\/10\/cnc_SO2_gas_2025-09-07_00_00_UTC-2048x2022.png 2048w\" sizes=\"auto, (max-width: 2145px) 100vw, 2145px\" \/><\/a><\/figure><div class=\"wp-block-media-text__content\">\n<p class=\"has-medium-font-size\">Proyecci\u00f3n de Mapas de Contaminaci\u00f3n de Aire de SO2 (partes por mill\u00f3n de volumen) para 152 localidades de Bolivia &#8211; Modelo SILAM &#8211; (16Km). <a href=\"http:\/\/modelacion.fcyt.umss.edu.bo\/index.php\/so2\/\" data-type=\"page\" data-id=\"466\">Ver m\u00e1s<\/a>.<\/p>\n<\/div><\/div>\n\n\n\n<div class=\"wp-block-media-text is-stacked-on-mobile\" style=\"grid-template-columns:70% auto\"><figure class=\"wp-block-media-text__media\"><a href=\"http:\/\/modelacion.fcyt.umss.edu.bo\/index.php\/pm25\/\"><img loading=\"lazy\" decoding=\"async\" width=\"2158\" height=\"2118\" src=\"http:\/\/modelacion.fcyt.umss.edu.bo\/wp-content\/uploads\/2025\/10\/cnc_PM2_5_2025-09-07_00_00_UTC.png\" alt=\"\" class=\"wp-image-437 size-full\" srcset=\"http:\/\/modelacion.fcyt.umss.edu.bo\/wp-content\/uploads\/2025\/10\/cnc_PM2_5_2025-09-07_00_00_UTC.png 2158w, http:\/\/modelacion.fcyt.umss.edu.bo\/wp-content\/uploads\/2025\/10\/cnc_PM2_5_2025-09-07_00_00_UTC-1000x981.png 1000w, http:\/\/modelacion.fcyt.umss.edu.bo\/wp-content\/uploads\/2025\/10\/cnc_PM2_5_2025-09-07_00_00_UTC-768x754.png 768w, http:\/\/modelacion.fcyt.umss.edu.bo\/wp-content\/uploads\/2025\/10\/cnc_PM2_5_2025-09-07_00_00_UTC-1536x1508.png 1536w, http:\/\/modelacion.fcyt.umss.edu.bo\/wp-content\/uploads\/2025\/10\/cnc_PM2_5_2025-09-07_00_00_UTC-2048x2010.png 2048w\" sizes=\"auto, (max-width: 2158px) 100vw, 2158px\" \/><\/a><\/figure><div class=\"wp-block-media-text__content\">\n<p class=\"has-medium-font-size\">Proyecci\u00f3n de Mapas de Contaminaci\u00f3n de Aire de PM25 (partes por mill\u00f3n de volumen) para 152 localidades de Bolivia &#8211; Modelo SILAM &#8211; (16Km). <a href=\"http:\/\/modelacion.fcyt.umss.edu.bo\/index.php\/pm25\/\" data-type=\"page\" data-id=\"469\">Ver m\u00e1s<\/a>.<\/p>\n<\/div><\/div>\n\n\n\n<div class=\"wp-block-media-text is-stacked-on-mobile\" style=\"grid-template-columns:70% auto\"><figure class=\"wp-block-media-text__media\"><a href=\"http:\/\/modelacion.fcyt.umss.edu.bo\/index.php\/pm10\/\"><img loading=\"lazy\" decoding=\"async\" width=\"2158\" height=\"2118\" src=\"http:\/\/modelacion.fcyt.umss.edu.bo\/wp-content\/uploads\/2025\/10\/cnc_PM10_2025-09-07_00_00_UTC.png\" alt=\"\" class=\"wp-image-438 size-full\" srcset=\"http:\/\/modelacion.fcyt.umss.edu.bo\/wp-content\/uploads\/2025\/10\/cnc_PM10_2025-09-07_00_00_UTC.png 2158w, http:\/\/modelacion.fcyt.umss.edu.bo\/wp-content\/uploads\/2025\/10\/cnc_PM10_2025-09-07_00_00_UTC-1000x981.png 1000w, http:\/\/modelacion.fcyt.umss.edu.bo\/wp-content\/uploads\/2025\/10\/cnc_PM10_2025-09-07_00_00_UTC-768x754.png 768w, http:\/\/modelacion.fcyt.umss.edu.bo\/wp-content\/uploads\/2025\/10\/cnc_PM10_2025-09-07_00_00_UTC-1536x1508.png 1536w, http:\/\/modelacion.fcyt.umss.edu.bo\/wp-content\/uploads\/2025\/10\/cnc_PM10_2025-09-07_00_00_UTC-2048x2010.png 2048w\" sizes=\"auto, (max-width: 2158px) 100vw, 2158px\" \/><\/a><\/figure><div class=\"wp-block-media-text__content\">\n<p class=\"has-medium-font-size\">Proyecci\u00f3n de Mapas de Contaminaci\u00f3n de Aire de PM10 (partes por mill\u00f3n de volumen) para 152 localidades de Bolivia &#8211; Modelo SILAM &#8211; (16Km). <a href=\"http:\/\/modelacion.fcyt.umss.edu.bo\/index.php\/pm10\/\" data-type=\"page\" data-id=\"473\">Ver m\u00e1s<\/a>.<\/p>\n<\/div><\/div>\n\n\n\n<div class=\"wp-block-media-text is-stacked-on-mobile\" style=\"grid-template-columns:70% auto\"><figure class=\"wp-block-media-text__media\"><a href=\"http:\/\/modelacion.fcyt.umss.edu.bo\/index.php\/o3\/\"><img loading=\"lazy\" decoding=\"async\" width=\"2119\" height=\"2118\" src=\"http:\/\/modelacion.fcyt.umss.edu.bo\/wp-content\/uploads\/2025\/10\/cnc_O3_gas_2025-09-07_00_00_UTC.png\" alt=\"\" class=\"wp-image-439 size-full\" srcset=\"http:\/\/modelacion.fcyt.umss.edu.bo\/wp-content\/uploads\/2025\/10\/cnc_O3_gas_2025-09-07_00_00_UTC.png 2119w, http:\/\/modelacion.fcyt.umss.edu.bo\/wp-content\/uploads\/2025\/10\/cnc_O3_gas_2025-09-07_00_00_UTC-1000x1000.png 1000w, http:\/\/modelacion.fcyt.umss.edu.bo\/wp-content\/uploads\/2025\/10\/cnc_O3_gas_2025-09-07_00_00_UTC-500x500.png 500w, http:\/\/modelacion.fcyt.umss.edu.bo\/wp-content\/uploads\/2025\/10\/cnc_O3_gas_2025-09-07_00_00_UTC-768x768.png 768w, http:\/\/modelacion.fcyt.umss.edu.bo\/wp-content\/uploads\/2025\/10\/cnc_O3_gas_2025-09-07_00_00_UTC-1536x1536.png 1536w, http:\/\/modelacion.fcyt.umss.edu.bo\/wp-content\/uploads\/2025\/10\/cnc_O3_gas_2025-09-07_00_00_UTC-2048x2048.png 2048w\" sizes=\"auto, (max-width: 2119px) 100vw, 2119px\" \/><\/a><\/figure><div class=\"wp-block-media-text__content\">\n<p class=\"has-medium-font-size\">Proyecci\u00f3n de Mapas de Contaminaci\u00f3n de Aire de O3 (partes por mill\u00f3n de volumen) para 152 localidades de Bolivia &#8211; Modelo SILAM &#8211; (16Km). <a href=\"http:\/\/modelacion.fcyt.umss.edu.bo\/index.php\/o3\/\" data-type=\"page\" data-id=\"475\">Ver m\u00e1s<\/a>.<\/p>\n<\/div><\/div>\n\n\n\n<div class=\"wp-block-media-text is-stacked-on-mobile\" style=\"grid-template-columns:70% auto\"><figure class=\"wp-block-media-text__media\"><a href=\"http:\/\/modelacion.fcyt.umss.edu.bo\/index.php\/precipitacion-2\/\"><img loading=\"lazy\" decoding=\"async\" width=\"2121\" height=\"2118\" src=\"http:\/\/modelacion.fcyt.umss.edu.bo\/wp-content\/uploads\/2025\/10\/prate_2025-09-02-0600-UTC.png\" alt=\"\" class=\"wp-image-448 size-full\" srcset=\"http:\/\/modelacion.fcyt.umss.edu.bo\/wp-content\/uploads\/2025\/10\/prate_2025-09-02-0600-UTC.png 2121w, http:\/\/modelacion.fcyt.umss.edu.bo\/wp-content\/uploads\/2025\/10\/prate_2025-09-02-0600-UTC-1000x1000.png 1000w, http:\/\/modelacion.fcyt.umss.edu.bo\/wp-content\/uploads\/2025\/10\/prate_2025-09-02-0600-UTC-500x500.png 500w, http:\/\/modelacion.fcyt.umss.edu.bo\/wp-content\/uploads\/2025\/10\/prate_2025-09-02-0600-UTC-768x767.png 768w, http:\/\/modelacion.fcyt.umss.edu.bo\/wp-content\/uploads\/2025\/10\/prate_2025-09-02-0600-UTC-1536x1534.png 1536w, http:\/\/modelacion.fcyt.umss.edu.bo\/wp-content\/uploads\/2025\/10\/prate_2025-09-02-0600-UTC-2048x2045.png 2048w\" sizes=\"auto, (max-width: 2121px) 100vw, 2121px\" \/><\/a><\/figure><div class=\"wp-block-media-text__content\">\n<p class=\"has-medium-font-size\">Proyecci\u00f3n de Mapas de Precipitaci\u00f3n (mm) para 152 localidades de Bolivia &#8211; Modelo GFS &#8211; (13Km). <a href=\"http:\/\/modelacion.fcyt.umss.edu.bo\/index.php\/precipitacion-2\/\" data-type=\"page\" data-id=\"477\">Ver m\u00e1s<\/a>.<\/p>\n<\/div><\/div>\n\n\n\n<div class=\"wp-block-media-text is-stacked-on-mobile\" style=\"grid-template-columns:70% auto\"><figure class=\"wp-block-media-text__media\"><a href=\"http:\/\/modelacion.fcyt.umss.edu.bo\/index.php\/temperatura-2\/\"><img loading=\"lazy\" decoding=\"async\" width=\"2107\" height=\"2118\" src=\"http:\/\/modelacion.fcyt.umss.edu.bo\/wp-content\/uploads\/2025\/10\/2t_2025-09-02-0600-UTC.png\" alt=\"\" class=\"wp-image-449 size-full\" srcset=\"http:\/\/modelacion.fcyt.umss.edu.bo\/wp-content\/uploads\/2025\/10\/2t_2025-09-02-0600-UTC.png 2107w, http:\/\/modelacion.fcyt.umss.edu.bo\/wp-content\/uploads\/2025\/10\/2t_2025-09-02-0600-UTC-995x1000.png 995w, http:\/\/modelacion.fcyt.umss.edu.bo\/wp-content\/uploads\/2025\/10\/2t_2025-09-02-0600-UTC-768x772.png 768w, http:\/\/modelacion.fcyt.umss.edu.bo\/wp-content\/uploads\/2025\/10\/2t_2025-09-02-0600-UTC-1528x1536.png 1528w, http:\/\/modelacion.fcyt.umss.edu.bo\/wp-content\/uploads\/2025\/10\/2t_2025-09-02-0600-UTC-2037x2048.png 2037w\" sizes=\"auto, (max-width: 2107px) 100vw, 2107px\" \/><\/a><\/figure><div class=\"wp-block-media-text__content\">\n<p class=\"has-medium-font-size\">Proyecci\u00f3n de Mapas de Temperatura (\u00baC) para 152 localidades de Bolivia &#8211; Modelo GFS &#8211; (13Km). <a href=\"http:\/\/modelacion.fcyt.umss.edu.bo\/index.php\/temperatura-2\/\" data-type=\"page\" data-id=\"479\">Ver m\u00e1s<\/a>.<\/p>\n<\/div><\/div>\n<\/div>\n\n\n\n<div class=\"wp-block-column is-layout-flow wp-block-column-is-layout-flow\" style=\"flex-basis:10%\"><\/div>\n<\/div>\n\n\n\n<p><\/p>\n","protected":false},"excerpt":{"rendered":"<p>Proyecciones METEOROL\u00d3GICAS Proyecciones de Temperatura, Precipitaci\u00f3n y Velocidad de Viento para todo el pa\u00eds, tanto en series temporales como en mapas de distribuci\u00f3n espacial. Proyecci\u00f3n de series temporales de Temperatura M\u00e1xima y M\u00ednima (\u00b0C) para 152 localidades de Bolivia &#8211; Modelo GFS &#8211; (13Km). Ver m\u00e1s. Proyecci\u00f3n de series temporales de Precipitaci\u00f3n Acumulada Diaria (mm\/d\u00eda) [&hellip;]<\/p>\n","protected":false},"author":1,"featured_media":0,"parent":0,"menu_order":0,"comment_status":"closed","ping_status":"closed","template":"","meta":{"footnotes":""},"class_list":["post-340","page","type-page","status-publish","hentry"],"_links":{"self":[{"href":"http:\/\/modelacion.fcyt.umss.edu.bo\/index.php\/wp-json\/wp\/v2\/pages\/340","targetHints":{"allow":["GET"]}}],"collection":[{"href":"http:\/\/modelacion.fcyt.umss.edu.bo\/index.php\/wp-json\/wp\/v2\/pages"}],"about":[{"href":"http:\/\/modelacion.fcyt.umss.edu.bo\/index.php\/wp-json\/wp\/v2\/types\/page"}],"author":[{"embeddable":true,"href":"http:\/\/modelacion.fcyt.umss.edu.bo\/index.php\/wp-json\/wp\/v2\/users\/1"}],"replies":[{"embeddable":true,"href":"http:\/\/modelacion.fcyt.umss.edu.bo\/index.php\/wp-json\/wp\/v2\/comments?post=340"}],"version-history":[{"count":17,"href":"http:\/\/modelacion.fcyt.umss.edu.bo\/index.php\/wp-json\/wp\/v2\/pages\/340\/revisions"}],"predecessor-version":[{"id":522,"href":"http:\/\/modelacion.fcyt.umss.edu.bo\/index.php\/wp-json\/wp\/v2\/pages\/340\/revisions\/522"}],"wp:attachment":[{"href":"http:\/\/modelacion.fcyt.umss.edu.bo\/index.php\/wp-json\/wp\/v2\/media?parent=340"}],"curies":[{"name":"wp","href":"https:\/\/api.w.org\/{rel}","templated":true}]}}