{"id":114,"date":"2025-04-08T20:07:06","date_gmt":"2025-04-08T20:07:06","guid":{"rendered":"http:\/\/modelacion.fcyt.umss.edu.bo\/?page_id=114"},"modified":"2025-04-10T18:14:54","modified_gmt":"2025-04-10T18:14:54","slug":"noticias","status":"publish","type":"page","link":"http:\/\/modelacion.fcyt.umss.edu.bo\/index.php\/noticias\/","title":{"rendered":"Noticias"},"content":{"rendered":"\n<div class=\"wp-block-group has-global-padding is-layout-constrained wp-block-group-is-layout-constrained\">\n<div class=\"wp-block-columns is-layout-flex wp-container-core-columns-is-layout-1 wp-block-columns-is-layout-flex\">\n<div class=\"wp-block-column is-layout-flow wp-block-column-is-layout-flow\"><\/div>\n<\/div>\n\n\n\n<div class=\"wp-block-group is-layout-flow wp-block-group-is-layout-flow\"><ul class=\"columns-3 alignfull wp-block-post-template is-layout-grid wp-container-core-post-template-is-layout-1 wp-block-post-template-is-layout-grid\"><li class=\"wp-block-post post-615 post type-post status-publish format-standard hentry category-uncategorized\">\n\n\n\n<div class=\"wp-block-group is-vertical is-nowrap is-layout-flex wp-container-core-group-is-layout-1 wp-block-group-is-layout-flex\"><h2 class=\"no-underline wp-block-post-title has-medium-font-size\"><a href=\"http:\/\/modelacion.fcyt.umss.edu.bo\/index.php\/2025\/12\/11\/centro-de-monitoreo-10-12-2025\/\" target=\"_self\" >Centro de monitoreo 10-12-2025<\/a><\/h2>\n\n<div class=\"wp-block-post-excerpt has-text-color has-contrast-2-color has-small-font-size wp-container-content-1\"><p class=\"wp-block-post-excerpt__excerpt\">Ver video en Facebook Se prev\u00e9 un poco de lluvia y las temperaturas alcanzar\u00e1n hasta los&hellip; <\/p><\/div>\n\n\n<div style=\"height:0px\" aria-hidden=\"true\" class=\"wp-block-spacer wp-container-content-2\"><\/div>\n<\/div>\n\n<\/li><li class=\"wp-block-post post-611 post type-post status-publish format-standard hentry category-uncategorized\">\n\n\n\n<div class=\"wp-block-group is-vertical is-nowrap is-layout-flex wp-container-core-group-is-layout-2 wp-block-group-is-layout-flex\"><h2 class=\"no-underline wp-block-post-title has-medium-font-size\"><a href=\"http:\/\/modelacion.fcyt.umss.edu.bo\/index.php\/2025\/12\/11\/centro-de-monitoreo-09-12-2025\/\" target=\"_self\" >Centro de monitoreo 09-12-2025<\/a><\/h2>\n\n<div class=\"wp-block-post-excerpt has-text-color has-contrast-2-color has-small-font-size wp-container-content-3\"><p class=\"wp-block-post-excerpt__excerpt\">Ver video en Facebook #lluvias. #UniversidadAlDia#TVUHD#UMSS#CBBA#Bolivia <\/p><\/div>\n\n\n<div style=\"height:0px\" aria-hidden=\"true\" class=\"wp-block-spacer wp-container-content-4\"><\/div>\n<\/div>\n\n<\/li><li class=\"wp-block-post post-545 post type-post status-publish format-standard hentry category-uncategorized\">\n\n\n\n<div class=\"wp-block-group is-vertical is-nowrap is-layout-flex wp-container-core-group-is-layout-3 wp-block-group-is-layout-flex\"><h2 class=\"no-underline wp-block-post-title has-medium-font-size\"><a href=\"http:\/\/modelacion.fcyt.umss.edu.bo\/index.php\/2025\/11\/18\/centro-de-monitoreo-17-11-2025\/\" target=\"_self\" >Centro de monitoreo 17-11-2025<\/a><\/h2>\n\n<div class=\"wp-block-post-excerpt has-text-color has-contrast-2-color has-small-font-size wp-container-content-5\"><p class=\"wp-block-post-excerpt__excerpt\">\ud83d\udd34El Centro de Monitoreo Clim\u00e1tico de la UMSS informan que llover\u00e1 est\u00e9n fin de semana en&hellip; <\/p><\/div>\n\n\n<div style=\"height:0px\" aria-hidden=\"true\" class=\"wp-block-spacer wp-container-content-6\"><\/div>\n<\/div>\n\n<\/li><li class=\"wp-block-post post-531 post type-post status-publish format-standard hentry category-uncategorized\">\n\n\n\n<div class=\"wp-block-group is-vertical is-nowrap is-layout-flex wp-container-core-group-is-layout-4 wp-block-group-is-layout-flex\"><h2 class=\"no-underline wp-block-post-title has-medium-font-size\"><a href=\"http:\/\/modelacion.fcyt.umss.edu.bo\/index.php\/2025\/11\/11\/centro-de-monitoreo-11-11-2025\/\" target=\"_self\" >Centro de monitoreo 11-11-2025<\/a><\/h2>\n\n<div class=\"wp-block-post-excerpt has-text-color has-contrast-2-color has-small-font-size wp-container-content-7\"><p class=\"wp-block-post-excerpt__excerpt\">El Centro de Monitoreo Clim\u00e1tico, informa que las temperaturas se mantendr\u00e1n estableces a los 22\u00b0 y&hellip; <\/p><\/div>\n\n\n<div style=\"height:0px\" aria-hidden=\"true\" class=\"wp-block-spacer wp-container-content-8\"><\/div>\n<\/div>\n\n<\/li><li class=\"wp-block-post post-516 post type-post status-publish format-standard hentry category-uncategorized\">\n\n\n\n<div class=\"wp-block-group is-vertical is-nowrap is-layout-flex wp-container-core-group-is-layout-5 wp-block-group-is-layout-flex\"><h2 class=\"no-underline wp-block-post-title has-medium-font-size\"><a href=\"http:\/\/modelacion.fcyt.umss.edu.bo\/index.php\/2025\/10\/31\/centro-de-monitoreo-31-10-2025\/\" target=\"_self\" >Centro de monitoreo 31-10-2025<\/a><\/h2>\n\n<div class=\"wp-block-post-excerpt has-text-color has-contrast-2-color has-small-font-size wp-container-content-9\"><p class=\"wp-block-post-excerpt__excerpt\">El Centro de Monitoreo Clim\u00e1tico de UMSS, inform\u00f3 que Cochabamba mantendr\u00e1 un clima agradable, mientas que&hellip; <\/p><\/div>\n\n\n<div style=\"height:0px\" aria-hidden=\"true\" class=\"wp-block-spacer wp-container-content-10\"><\/div>\n<\/div>\n\n<\/li><li class=\"wp-block-post post-513 post type-post status-publish format-standard hentry category-uncategorized\">\n\n\n\n<div class=\"wp-block-group is-vertical is-nowrap is-layout-flex wp-container-core-group-is-layout-6 wp-block-group-is-layout-flex\"><h2 class=\"no-underline wp-block-post-title has-medium-font-size\"><a href=\"http:\/\/modelacion.fcyt.umss.edu.bo\/index.php\/2025\/10\/31\/centro-de-monitoreo-tvu\/\" target=\"_self\" >Centro de monitoreo tvu<\/a><\/h2>\n\n<div class=\"wp-block-post-excerpt has-text-color has-contrast-2-color has-small-font-size wp-container-content-11\"><p class=\"wp-block-post-excerpt__excerpt\">El Centro de Monitoreo Clim\u00e1tico, es una especialidad que los estudiantes optan al culminar su carrera&hellip; <\/p><\/div>\n\n\n<div style=\"height:0px\" aria-hidden=\"true\" class=\"wp-block-spacer wp-container-content-12\"><\/div>\n<\/div>\n\n<\/li><li class=\"wp-block-post post-421 post type-post status-publish format-standard hentry category-uncategorized\">\n\n\n\n<div class=\"wp-block-group is-vertical is-nowrap is-layout-flex wp-container-core-group-is-layout-7 wp-block-group-is-layout-flex\"><h2 class=\"no-underline wp-block-post-title has-medium-font-size\"><a href=\"http:\/\/modelacion.fcyt.umss.edu.bo\/index.php\/2025\/10\/07\/el-centro-de-monitoreo-climatico-de-la-umss-estudia-el-cambio-climatico-en-el-municipio-de-vacas\/\" target=\"_self\" >El Centro de Monitoreo Clim\u00e1tico de la UMSS, estudia el cambio clim\u00e1tico en el municipio de Vacas<\/a><\/h2>\n\n<div class=\"wp-block-post-excerpt has-text-color has-contrast-2-color has-small-font-size wp-container-content-13\"><p class=\"wp-block-post-excerpt__excerpt\">Ver video en Facebook El Centro de Monitoreo Clim\u00e1tico de la UMSS, estudia el cambio clim\u00e1tico&hellip; <\/p><\/div>\n\n\n<div style=\"height:0px\" aria-hidden=\"true\" class=\"wp-block-spacer wp-container-content-14\"><\/div>\n<\/div>\n\n<\/li><li class=\"wp-block-post post-219 post type-post status-publish format-standard hentry category-uncategorized\">\n\n\n\n<div class=\"wp-block-group is-vertical is-nowrap is-layout-flex wp-container-core-group-is-layout-8 wp-block-group-is-layout-flex\"><h2 class=\"no-underline wp-block-post-title has-medium-font-size\"><a href=\"http:\/\/modelacion.fcyt.umss.edu.bo\/index.php\/2025\/08\/15\/reporte-8-agosto-2025\/\" target=\"_self\" >Reporte de prensa TvU 8-agosto-2025<\/a><\/h2>\n\n<div class=\"wp-block-post-excerpt has-text-color has-contrast-2-color has-small-font-size wp-container-content-15\"><p class=\"wp-block-post-excerpt__excerpt\">Centro del Video de Facebook <\/p><\/div>\n\n\n<div style=\"height:0px\" aria-hidden=\"true\" class=\"wp-block-spacer wp-container-content-16\"><\/div>\n<\/div>\n\n<\/li><li class=\"wp-block-post post-149 post type-post status-publish format-standard hentry category-uncategorized\">\n\n\n\n<div class=\"wp-block-group is-vertical is-nowrap is-layout-flex wp-container-core-group-is-layout-9 wp-block-group-is-layout-flex\"><h2 class=\"no-underline wp-block-post-title has-medium-font-size\"><a href=\"http:\/\/modelacion.fcyt.umss.edu.bo\/index.php\/2025\/04\/14\/semana-meteorologica\/\" target=\"_self\" >Semana meteor\u00f3logica<\/a><\/h2>\n\n<div class=\"wp-block-post-excerpt has-text-color has-contrast-2-color has-small-font-size wp-container-content-17\"><p class=\"wp-block-post-excerpt__excerpt\">Temperaturas estables a lo largo de esta semana en Cochabamba #temperatura #cochabamba <\/p><\/div>\n\n\n<div style=\"height:0px\" aria-hidden=\"true\" class=\"wp-block-spacer wp-container-content-18\"><\/div>\n<\/div>\n\n<\/li><li class=\"wp-block-post post-121 post type-post status-publish format-standard hentry category-uncategorized\">\n\n\n\n<div class=\"wp-block-group is-vertical is-nowrap is-layout-flex wp-container-core-group-is-layout-10 wp-block-group-is-layout-flex\"><h2 class=\"no-underline wp-block-post-title has-medium-font-size\"><a href=\"http:\/\/modelacion.fcyt.umss.edu.bo\/index.php\/2025\/04\/08\/presentamos-la-nueva-pagina-del-centro-de-monitoreo-climatico\/\" target=\"_self\" >Presentamos la nueva p\u00e1gina del centro de monitoreo clim\u00e1tico<\/a><\/h2>\n\n<div class=\"wp-block-post-excerpt has-text-color has-contrast-2-color has-small-font-size wp-container-content-19\"><p class=\"wp-block-post-excerpt__excerpt\">\ud83c\udf0d\ud83c\udf93 \u00a1Presentamos la nueva p\u00e1gina del Centro de Monitoreo Clim\u00e1tico de la UMSS! \ud83c\udf3f\ud83d\udcca Nos complace&hellip; <\/p><\/div>\n\n\n<div style=\"height:0px\" aria-hidden=\"true\" class=\"wp-block-spacer wp-container-content-20\"><\/div>\n<\/div>\n\n<\/li><\/ul>\n\n\n<div style=\"margin-top:0;margin-bottom:0;height:var(--wp--preset--spacing--30)\" aria-hidden=\"true\" class=\"wp-block-spacer\"><\/div>\n\n\n<\/div>\n<\/div>\n","protected":false},"excerpt":{"rendered":"","protected":false},"author":1,"featured_media":0,"parent":0,"menu_order":0,"comment_status":"closed","ping_status":"closed","template":"","meta":{"footnotes":""},"class_list":["post-114","page","type-page","status-publish","hentry"],"_links":{"self":[{"href":"http:\/\/modelacion.fcyt.umss.edu.bo\/index.php\/wp-json\/wp\/v2\/pages\/114","targetHints":{"allow":["GET"]}}],"collection":[{"href":"http:\/\/modelacion.fcyt.umss.edu.bo\/index.php\/wp-json\/wp\/v2\/pages"}],"about":[{"href":"http:\/\/modelacion.fcyt.umss.edu.bo\/index.php\/wp-json\/wp\/v2\/types\/page"}],"author":[{"embeddable":true,"href":"http:\/\/modelacion.fcyt.umss.edu.bo\/index.php\/wp-json\/wp\/v2\/users\/1"}],"replies":[{"embeddable":true,"href":"http:\/\/modelacion.fcyt.umss.edu.bo\/index.php\/wp-json\/wp\/v2\/comments?post=114"}],"version-history":[{"count":4,"href":"http:\/\/modelacion.fcyt.umss.edu.bo\/index.php\/wp-json\/wp\/v2\/pages\/114\/revisions"}],"predecessor-version":[{"id":146,"href":"http:\/\/modelacion.fcyt.umss.edu.bo\/index.php\/wp-json\/wp\/v2\/pages\/114\/revisions\/146"}],"wp:attachment":[{"href":"http:\/\/modelacion.fcyt.umss.edu.bo\/index.php\/wp-json\/wp\/v2\/media?parent=114"}],"curies":[{"name":"wp","href":"https:\/\/api.w.org\/{rel}","templated":true}]}}